{"id":7636,"date":"2023-09-21T09:55:29","date_gmt":"2023-09-21T09:55:29","guid":{"rendered":"https:\/\/forgeon.es\/?page_id=7636"},"modified":"2023-09-21T10:15:45","modified_gmt":"2023-09-21T10:15:45","slug":"conocenos","status":"publish","type":"page","link":"https:\/\/forgeon.es\/?page_id=7636","title":{"rendered":"Con\u00f3cenos"},"content":{"rendered":"\t\t<div data-elementor-type=\"wp-page\" data-elementor-id=\"7636\" class=\"elementor elementor-7636\">\n\t\t\t\t\t\t\t\t\t<section class=\"elementor-section elementor-top-section elementor-element elementor-element-71fb8a1 elementor-section-boxed elementor-section-height-default elementor-section-height-default\" data-id=\"71fb8a1\" data-element_type=\"section\">\n\t\t\t\t\t\t\t<div class=\"elementor-background-overlay\"><\/div>\n\t\t\t\t\t\t\t<div class=\"elementor-container elementor-column-gap-default\">\n\t\t\t\t\t<div class=\"elementor-column elementor-col-50 elementor-top-column elementor-element elementor-element-c1033fa\" data-id=\"c1033fa\" data-element_type=\"column\">\n\t\t\t<div class=\"elementor-widget-wrap elementor-element-populated\">\n\t\t\t\t\t\t\t\t<div class=\"elementor-element elementor-element-4486f9e elementor-widget elementor-widget-text-editor\" data-id=\"4486f9e\" data-element_type=\"widget\" data-widget_type=\"text-editor.default\">\n\t\t\t\t<div class=\"elementor-widget-container\">\n\t\t\t<style>\/*! elementor - v3.6.4 - 13-04-2022 *\/\n.elementor-widget-text-editor.elementor-drop-cap-view-stacked .elementor-drop-cap{background-color:#818a91;color:#fff}.elementor-widget-text-editor.elementor-drop-cap-view-framed .elementor-drop-cap{color:#818a91;border:3px solid;background-color:transparent}.elementor-widget-text-editor:not(.elementor-drop-cap-view-default) .elementor-drop-cap{margin-top:8px}.elementor-widget-text-editor:not(.elementor-drop-cap-view-default) .elementor-drop-cap-letter{width:1em;height:1em}.elementor-widget-text-editor .elementor-drop-cap{float:left;text-align:center;line-height:1;font-size:50px}.elementor-widget-text-editor .elementor-drop-cap-letter{display:inline-block}<\/style>\t\t\t\t<div>En Forgeon, sumergirse en el mundo del gaming es mucho m\u00e1s que una experiencia; es una pasi\u00f3n que compartimos con los jugadores m\u00e1s exigentes. Somos la marca propia de PcComponentes dedicada a brindar productos gaming de alta gama que superan todas las expectativas.<div>\u00a0<\/div><div>Cada uno de nuestros productos est\u00e1 dise\u00f1ado y fabricado con precisi\u00f3n para garantizar un rendimiento excepcional y durabilidad sin igual. Cada detalle est\u00e1 cuidadosamente elaborado para elevar tu experiencia de juego a niveles inimaginables.<\/div><div>\u00a0<\/div><div>La est\u00e9tica tambi\u00e9n es un pilar fundamental para nosotros. Sabemos que los detalles importan, por lo que nuestros productos no solo destacan por su rendimiento, sino tambi\u00e9n por su sofisticaci\u00f3n visual. Nuestro equipo de dise\u00f1adores trabaja incansablemente para crear una est\u00e9tica cuidada que no solo cumple con los est\u00e1ndares m\u00e1s altos, sino que tambi\u00e9n se convierte en una extensi\u00f3n de tu estilo personal.<\/div><div>\u00a0<\/div><div>Dedicado a los jugadores profesionales y streamers m\u00e1s exigentes, Forgeon se erige como la elecci\u00f3n definitiva. Entendemos las necesidades \u00fanicas de aquellos que buscan un rendimiento insuperable en sus partidas y transmisiones en vivo. Nuestros productos se forjan en base a la retroalimentaci\u00f3n de los expertos para garantizar que cada caracter\u00edstica, cada detalle, est\u00e9 dise\u00f1ado para mejorar tu rendimiento y llevar tus habilidades al siguiente nivel.<\/div><div>\u00a0<\/div>En Forgeon, no solo estamos comprometidos con la excelencia, sino que tambi\u00e9n somos apasionados por el mundo del gaming. Nuestra misi\u00f3n es proporcionarte herramientas que te permitan dominar el campo de batalla virtual con confianza y estilo. Te invitamos a explorar nuestra gama de productos y unirte a la comunidad de jugadores que conf\u00edan en Forgeon para satisfacer sus necesidades gaming m\u00e1s exigentes.\u00a0<\/div><div>\u00a0<\/div>\t\t\t\t\t\t<\/div>\n\t\t\t\t<\/div>\n\t\t\t\t\t<\/div>\n\t\t<\/div>\n\t\t\t\t<div class=\"elementor-column elementor-col-50 elementor-top-column elementor-element elementor-element-39ee4f1\" data-id=\"39ee4f1\" data-element_type=\"column\">\n\t\t\t<div class=\"elementor-widget-wrap elementor-element-populated\">\n\t\t\t\t\t\t\t\t<div class=\"elementor-element elementor-element-7f01d46 elementor-widget elementor-widget-image\" data-id=\"7f01d46\" data-element_type=\"widget\" data-widget_type=\"image.default\">\n\t\t\t\t<div class=\"elementor-widget-container\">\n\t\t\t<style>\/*! elementor - v3.6.4 - 13-04-2022 *\/\n.elementor-widget-image{text-align:center}.elementor-widget-image a{display:inline-block}.elementor-widget-image a img[src$=\".svg\"]{width:48px}.elementor-widget-image img{vertical-align:middle;display:inline-block}<\/style>\t\t\t\t\t\t\t\t\t\t\t\t<img loading=\"lazy\" decoding=\"async\" width=\"640\" height=\"674\" src=\"https:\/\/forgeon.es\/wp-content\/uploads\/2023\/09\/forgeon_conocenos-973x1024.png\" class=\"attachment-large size-large\" alt=\"\" srcset=\"https:\/\/forgeon.es\/wp-content\/uploads\/2023\/09\/forgeon_conocenos-973x1024.png 973w, https:\/\/forgeon.es\/wp-content\/uploads\/2023\/09\/forgeon_conocenos-285x300.png 285w, https:\/\/forgeon.es\/wp-content\/uploads\/2023\/09\/forgeon_conocenos-768x808.png 768w, https:\/\/forgeon.es\/wp-content\/uploads\/2023\/09\/forgeon_conocenos.png 992w\" sizes=\"auto, (max-width: 34.9rem) calc(100vw - 2rem), (max-width: 53rem) calc(8 * (100vw \/ 12)), (min-width: 53rem) calc(6 * (100vw \/ 12)), 100vw\" \/>\t\t\t\t\t\t\t\t\t\t\t\t\t\t\t<\/div>\n\t\t\t\t<\/div>\n\t\t\t\t\t<\/div>\n\t\t<\/div>\n\t\t\t\t\t\t\t<\/div>\n\t\t<\/section>\n\t\t\t\t\t\t\t<\/div>\n\t\t","protected":false},"excerpt":{"rendered":"<p>En Forgeon, sumergirse en el mundo del gaming es mucho m\u00e1s que una experiencia; es una pasi\u00f3n que compartimos con los jugadores m\u00e1s exigentes. Somos la marca propia de PcComponentes dedicada a brindar productos gaming de alta gama que superan todas las expectativas.\u00a0Cada uno de nuestros productos est\u00e1 dise\u00f1ado y fabricado con precisi\u00f3n para garantizar &hellip; <\/p>\n<p class=\"link-more\"><a href=\"https:\/\/forgeon.es\/?page_id=7636\" class=\"more-link\">Seguir leyendo<span class=\"screen-reader-text\"> \u00abCon\u00f3cenos\u00bb<\/span><\/a><\/p>\n","protected":false},"author":1,"featured_media":0,"parent":0,"menu_order":0,"comment_status":"closed","ping_status":"closed","template":"elementor_header_footer","meta":{"footnotes":""},"class_list":["post-7636","page","type-page","status-publish","hentry","entry"],"yoast_head":"<!-- This site is optimized with the Yoast SEO plugin v18.6 - https:\/\/yoast.com\/wordpress\/plugins\/seo\/ -->\n<title>Con\u00f3cenos - Forgeon<\/title>\n<meta name=\"robots\" content=\"index, follow, max-snippet:-1, max-image-preview:large, max-video-preview:-1\" \/>\n<link rel=\"canonical\" href=\"https:\/\/forgeon.es\/?page_id=7636\" \/>\n<meta property=\"og:locale\" content=\"es_ES\" \/>\n<meta property=\"og:type\" content=\"article\" \/>\n<meta property=\"og:title\" content=\"Con\u00f3cenos - Forgeon\" \/>\n<meta property=\"og:description\" content=\"En Forgeon, sumergirse en el mundo del gaming es mucho m\u00e1s que una experiencia; es una pasi\u00f3n que compartimos con los jugadores m\u00e1s exigentes. Somos la marca propia de PcComponentes dedicada a brindar productos gaming de alta gama que superan todas las expectativas.\u00a0Cada uno de nuestros productos est\u00e1 dise\u00f1ado y fabricado con precisi\u00f3n para garantizar &hellip; Seguir leyendo \u00abCon\u00f3cenos\u00bb\" \/>\n<meta property=\"og:url\" content=\"https:\/\/forgeon.es\/?page_id=7636\" \/>\n<meta property=\"og:site_name\" content=\"Forgeon\" \/>\n<meta property=\"article:modified_time\" content=\"2023-09-21T10:15:45+00:00\" \/>\n<meta property=\"og:image\" content=\"http:\/\/forgeon.es\/wp-content\/uploads\/2023\/09\/forgeon_conocenos-973x1024.png\" \/>\n<meta name=\"twitter:card\" content=\"summary_large_image\" \/>\n<meta name=\"twitter:label1\" content=\"Tiempo de lectura\" \/>\n\t<meta name=\"twitter:data1\" content=\"1 minuto\" \/>\n<script type=\"application\/ld+json\" class=\"yoast-schema-graph\">{\"@context\":\"https:\/\/schema.org\",\"@graph\":[{\"@type\":\"WebSite\",\"@id\":\"https:\/\/forgeon.es\/#website\",\"url\":\"https:\/\/forgeon.es\/\",\"name\":\"Forgeon\",\"description\":\"\",\"potentialAction\":[{\"@type\":\"SearchAction\",\"target\":{\"@type\":\"EntryPoint\",\"urlTemplate\":\"https:\/\/forgeon.es\/?s={search_term_string}\"},\"query-input\":\"required name=search_term_string\"}],\"inLanguage\":\"es\"},{\"@type\":\"ImageObject\",\"@id\":\"https:\/\/forgeon.es\/?page_id=7636#primaryimage\",\"inLanguage\":\"es\",\"url\":\"https:\/\/forgeon.es\/wp-content\/uploads\/2023\/09\/forgeon_conocenos.png\",\"contentUrl\":\"https:\/\/forgeon.es\/wp-content\/uploads\/2023\/09\/forgeon_conocenos.png\",\"width\":992,\"height\":1044},{\"@type\":\"WebPage\",\"@id\":\"https:\/\/forgeon.es\/?page_id=7636#webpage\",\"url\":\"https:\/\/forgeon.es\/?page_id=7636\",\"name\":\"Con\u00f3cenos - Forgeon\",\"isPartOf\":{\"@id\":\"https:\/\/forgeon.es\/#website\"},\"primaryImageOfPage\":{\"@id\":\"https:\/\/forgeon.es\/?page_id=7636#primaryimage\"},\"datePublished\":\"2023-09-21T09:55:29+00:00\",\"dateModified\":\"2023-09-21T10:15:45+00:00\",\"breadcrumb\":{\"@id\":\"https:\/\/forgeon.es\/?page_id=7636#breadcrumb\"},\"inLanguage\":\"es\",\"potentialAction\":[{\"@type\":\"ReadAction\",\"target\":[\"https:\/\/forgeon.es\/?page_id=7636\"]}]},{\"@type\":\"BreadcrumbList\",\"@id\":\"https:\/\/forgeon.es\/?page_id=7636#breadcrumb\",\"itemListElement\":[{\"@type\":\"ListItem\",\"position\":1,\"name\":\"Portada\",\"item\":\"https:\/\/forgeon.es\/\"},{\"@type\":\"ListItem\",\"position\":2,\"name\":\"Con\u00f3cenos\"}]}]}<\/script>\n<!-- \/ Yoast SEO plugin. -->","yoast_head_json":{"title":"Con\u00f3cenos - Forgeon","robots":{"index":"index","follow":"follow","max-snippet":"max-snippet:-1","max-image-preview":"max-image-preview:large","max-video-preview":"max-video-preview:-1"},"canonical":"https:\/\/forgeon.es\/?page_id=7636","og_locale":"es_ES","og_type":"article","og_title":"Con\u00f3cenos - Forgeon","og_description":"En Forgeon, sumergirse en el mundo del gaming es mucho m\u00e1s que una experiencia; es una pasi\u00f3n que compartimos con los jugadores m\u00e1s exigentes. Somos la marca propia de PcComponentes dedicada a brindar productos gaming de alta gama que superan todas las expectativas.\u00a0Cada uno de nuestros productos est\u00e1 dise\u00f1ado y fabricado con precisi\u00f3n para garantizar &hellip; Seguir leyendo \u00abCon\u00f3cenos\u00bb","og_url":"https:\/\/forgeon.es\/?page_id=7636","og_site_name":"Forgeon","article_modified_time":"2023-09-21T10:15:45+00:00","og_image":[{"url":"http:\/\/forgeon.es\/wp-content\/uploads\/2023\/09\/forgeon_conocenos-973x1024.png"}],"twitter_card":"summary_large_image","twitter_misc":{"Tiempo de lectura":"1 minuto"},"schema":{"@context":"https:\/\/schema.org","@graph":[{"@type":"WebSite","@id":"https:\/\/forgeon.es\/#website","url":"https:\/\/forgeon.es\/","name":"Forgeon","description":"","potentialAction":[{"@type":"SearchAction","target":{"@type":"EntryPoint","urlTemplate":"https:\/\/forgeon.es\/?s={search_term_string}"},"query-input":"required name=search_term_string"}],"inLanguage":"es"},{"@type":"ImageObject","@id":"https:\/\/forgeon.es\/?page_id=7636#primaryimage","inLanguage":"es","url":"https:\/\/forgeon.es\/wp-content\/uploads\/2023\/09\/forgeon_conocenos.png","contentUrl":"https:\/\/forgeon.es\/wp-content\/uploads\/2023\/09\/forgeon_conocenos.png","width":992,"height":1044},{"@type":"WebPage","@id":"https:\/\/forgeon.es\/?page_id=7636#webpage","url":"https:\/\/forgeon.es\/?page_id=7636","name":"Con\u00f3cenos - Forgeon","isPartOf":{"@id":"https:\/\/forgeon.es\/#website"},"primaryImageOfPage":{"@id":"https:\/\/forgeon.es\/?page_id=7636#primaryimage"},"datePublished":"2023-09-21T09:55:29+00:00","dateModified":"2023-09-21T10:15:45+00:00","breadcrumb":{"@id":"https:\/\/forgeon.es\/?page_id=7636#breadcrumb"},"inLanguage":"es","potentialAction":[{"@type":"ReadAction","target":["https:\/\/forgeon.es\/?page_id=7636"]}]},{"@type":"BreadcrumbList","@id":"https:\/\/forgeon.es\/?page_id=7636#breadcrumb","itemListElement":[{"@type":"ListItem","position":1,"name":"Portada","item":"https:\/\/forgeon.es\/"},{"@type":"ListItem","position":2,"name":"Con\u00f3cenos"}]}]}},"_links":{"self":[{"href":"https:\/\/forgeon.es\/index.php?rest_route=\/wp\/v2\/pages\/7636","targetHints":{"allow":["GET"]}}],"collection":[{"href":"https:\/\/forgeon.es\/index.php?rest_route=\/wp\/v2\/pages"}],"about":[{"href":"https:\/\/forgeon.es\/index.php?rest_route=\/wp\/v2\/types\/page"}],"author":[{"embeddable":true,"href":"https:\/\/forgeon.es\/index.php?rest_route=\/wp\/v2\/users\/1"}],"replies":[{"embeddable":true,"href":"https:\/\/forgeon.es\/index.php?rest_route=%2Fwp%2Fv2%2Fcomments&post=7636"}],"version-history":[{"count":10,"href":"https:\/\/forgeon.es\/index.php?rest_route=\/wp\/v2\/pages\/7636\/revisions"}],"predecessor-version":[{"id":7650,"href":"https:\/\/forgeon.es\/index.php?rest_route=\/wp\/v2\/pages\/7636\/revisions\/7650"}],"wp:attachment":[{"href":"https:\/\/forgeon.es\/index.php?rest_route=%2Fwp%2Fv2%2Fmedia&parent=7636"}],"curies":[{"name":"wp","href":"https:\/\/api.w.org\/{rel}","templated":true}]}}