{"id":5972,"date":"2022-01-17T09:05:26","date_gmt":"2022-01-17T09:05:26","guid":{"rendered":"https:\/\/forgeon.es\/?page_id=5972"},"modified":"2022-04-07T14:29:53","modified_gmt":"2022-04-07T14:29:53","slug":"politica-de-cookies","status":"publish","type":"page","link":"https:\/\/forgeon.es\/?page_id=5972","title":{"rendered":"Pol\u00edtica de Cookies"},"content":{"rendered":"\n<h2 class=\"wp-block-heading\">\u00bfQu\u00e9 es una cookie?<\/h2>\n\n\n\n<p>Una cookie es un fichero que se descarga en su ordenador al acceder a determinadas p\u00e1ginas web. Las cookies permiten a una p\u00e1gina web, entre otras cosas, almacenar y recuperar informaci\u00f3n sobre los h\u00e1bitos de navegaci\u00f3n de un usuario o de su equipo y, dependiendo de la informaci\u00f3n que contengan y de la forma en que utilice su equipo, pueden utilizarse para reconocer al usuario.<\/p>\n\n\n\n<h2 class=\"wp-block-heading\">\u00bfQu\u00e9 tipos de cookies utiliza www.forgeon.es?<\/h2>\n\n\n\n<p>Seg\u00fan el plazo de tiempo que permanecen activas las cookies pueden ser:<\/p>\n\n\n\n<ul class=\"wp-block-list\"><li><strong>Cookies de sesi\u00f3n<\/strong>: dise\u00f1adas para recabar y almacenar datos mientras el usuario accede a una p\u00e1gina web. Se suelen emplear para almacenar informaci\u00f3n que s\u00f3lo interesa conservar para la prestaci\u00f3n del servicio solicitado por el usuario en una sola ocasi\u00f3n (por ejemplo, una lista de productos adquiridos).<\/li><li><strong>Cookies persistentes<\/strong>: Son un tipo de cookies por las que los datos siguen almacenados en el terminal y puede accederse a ellos y ser tratados durante un periodo definido. Tienen fecha de borrado. Se utilizan por ejemplo en el proceso de compra o registro para evitar tener que introducir nuestros datos constantemente.<\/li><\/ul>\n\n\n\n<p>Seg\u00fan quien sea la entidad que gestione el equipo o dominio desde donde se env\u00edan las cookies y trate los datos que se obtengan, podemos distinguir:<\/p>\n\n\n\n<ul class=\"wp-block-list\"><li><strong>Cookies propias<\/strong>:&nbsp;Son aquellas que se env\u00edan al dispositivo del usuario gestionadas exclusivamente por nosotros para el mejor funcionamiento del sitio.<\/li><li><strong>Cookies de terceros<\/strong>:&nbsp;Son aquellas que se env\u00edan al dispositivo del usuario desde un equipo o dominio que no es gestionado por nosotros sino por otra entidad, que tratar\u00e1 los datos obtenidos.<\/li><\/ul>\n\n\n\n<p>Cuando navegues por https:\/\/forgeon.es se pueden instalar en tu dispositivo las siguientes cookies:<\/p>\n\n\n\n<ul class=\"wp-block-list\"><li><strong>Cookies de an\u00e1lisis<\/strong>: Sirven para estudiar el comportamiento de los usuarios de forma an\u00f3nima al navegar por nuestra web. As\u00ed podremos conocer los contenidos m\u00e1s vistos, el n\u00famero de visitantes, etc. Una informaci\u00f3n que utilizaremos para mejorar la experiencia de navegaci\u00f3n y optimizar nuestros servicios. Pueden ser propias pero tambi\u00e9n de terceros. Entre \u00e9stas \u00faltimas se encuentran las cookies de Google Analytics y las de Iadvice.<\/li><\/ul>\n\n\n\n<h2 class=\"wp-block-heading\">Configuraci\u00f3n, consulta y desactivaci\u00f3n de cookies<\/h2>\n\n\n\n<p>Usted puede permitir, bloquear o eliminar las cookies instaladas en su equipo mediante la configuraci\u00f3n de las opciones del navegador instalado en su ordenador:<\/p>\n\n\n\n<ul class=\"wp-block-list\"><li>Chrome, desde&nbsp;<a href=\"http:\/\/support.google.com\/chrome\/bin\/answer.py?hl=es&amp;answer=95647\" target=\"_blank\" rel=\"noreferrer noopener\">http:\/\/support.google.com\/chrome\/bin\/answer.py?hl=es&amp;answer=95647<\/a><\/li><li>Safari, desde&nbsp;<a href=\"http:\/\/support.apple.com\/kb\/ph5042\" target=\"_blank\" rel=\"noreferrer noopener\">http:\/\/support.apple.com\/kb\/ph5042<\/a><\/li><li>Explorer, desde&nbsp;<a href=\"http:\/\/windows.microsoft.com\/es-es\/windows7\/how-to-manage-cookies-in-internet-explorer-9\" target=\"_blank\" rel=\"noreferrer noopener\">http:\/\/windows.microsoft.com\/es-es\/windows7\/how-to-manage-cookies-in-internet-explorer-9<\/a><\/li><li>Firefox, desde&nbsp;<a href=\"http:\/\/support.mozilla.org\/es\/kb\/habilitar-y-deshabilitar-cookies-que-los-sitios-we\" target=\"_blank\" rel=\"noreferrer noopener\">http:\/\/support.mozilla.org\/es\/kb\/habilitar-y-deshabilitar-cookies-que-los-sitios-we<\/a><\/li><\/ul>\n\n\n\n<p>Todo lo relativo a las cookies de Google,&nbsp; as\u00ed como su administraci\u00f3n y configuraci\u00f3n se puede consultar en:<\/p>\n\n\n\n<ul class=\"wp-block-list\"><li><a href=\"http:\/\/www.google.es\/intl\/es\/policies\/technologies\/types\/\" target=\"_blank\" rel=\"noreferrer noopener\">http:\/\/www.google.es\/intl\/es\/policies\/technologies\/types\/<\/a><\/li><li><a href=\"http:\/\/www.google.es\/policies\/technologies\/ads\/\" target=\"_blank\" rel=\"noreferrer noopener\">http:\/\/www.google.es\/policies\/technologies\/ads\/<\/a><\/li><li><a href=\"https:\/\/developers.google.com\/analytics\/devguides\/collection\/analyticsjs\/cookie-usage\" target=\"_blank\" rel=\"noreferrer noopener\">https:\/\/developers.google.com\/analytics\/devguides\/collection\/analyticsjs\/cookie-usage<\/a><\/li><\/ul>\n\n\n\n<p>Si decide deshabilitar las Cookies no podremos ofrecerle algunos de nuestros servicios como, por ejemplo, permanecer identificado o mantener las compras en su carrito.<\/p>\n\n\n\n<h2 class=\"wp-block-heading\">Actualizaci\u00f3n de cookies<\/h2>\n\n\n\n<p>Las cookies de\u00a0<a href=\"https:\/\/forgeon.es\/\">https:\/\/forgeon.es<\/a>\u00a0\u00a0pueden ser actualizadas por lo que aconsejamos que revisen nuestra pol\u00edtica de forma peri\u00f3dica.<\/p>\n","protected":false},"excerpt":{"rendered":"<p>\u00bfQu\u00e9 es una cookie? Una cookie es un fichero que se descarga en su ordenador al acceder a determinadas p\u00e1ginas web. Las cookies permiten a una p\u00e1gina web, entre otras cosas, almacenar y recuperar informaci\u00f3n sobre los h\u00e1bitos de navegaci\u00f3n de un usuario o de su equipo y, dependiendo de la informaci\u00f3n que contengan y &hellip; <\/p>\n<p class=\"link-more\"><a href=\"https:\/\/forgeon.es\/?page_id=5972\" class=\"more-link\">Seguir leyendo<span class=\"screen-reader-text\"> \u00abPol\u00edtica de Cookies\u00bb<\/span><\/a><\/p>\n","protected":false},"author":1,"featured_media":0,"parent":0,"menu_order":0,"comment_status":"closed","ping_status":"open","template":"","meta":{"footnotes":""},"class_list":["post-5972","page","type-page","status-publish","hentry","entry"],"yoast_head":"<!-- This site is optimized with the Yoast SEO plugin v18.6 - https:\/\/yoast.com\/wordpress\/plugins\/seo\/ -->\n<title>Pol\u00edtica de Cookies - Forgeon<\/title>\n<meta name=\"robots\" content=\"index, follow, max-snippet:-1, max-image-preview:large, max-video-preview:-1\" \/>\n<link rel=\"canonical\" href=\"https:\/\/forgeon.es\/?page_id=5972\" \/>\n<meta property=\"og:locale\" content=\"es_ES\" \/>\n<meta property=\"og:type\" content=\"article\" \/>\n<meta property=\"og:title\" content=\"Pol\u00edtica de Cookies - Forgeon\" \/>\n<meta property=\"og:description\" content=\"\u00bfQu\u00e9 es una cookie? Una cookie es un fichero que se descarga en su ordenador al acceder a determinadas p\u00e1ginas web. Las cookies permiten a una p\u00e1gina web, entre otras cosas, almacenar y recuperar informaci\u00f3n sobre los h\u00e1bitos de navegaci\u00f3n de un usuario o de su equipo y, dependiendo de la informaci\u00f3n que contengan y &hellip; Seguir leyendo \u00abPol\u00edtica de Cookies\u00bb\" \/>\n<meta property=\"og:url\" content=\"https:\/\/forgeon.es\/?page_id=5972\" \/>\n<meta property=\"og:site_name\" content=\"Forgeon\" \/>\n<meta property=\"article:modified_time\" content=\"2022-04-07T14:29:53+00:00\" \/>\n<meta name=\"twitter:card\" content=\"summary_large_image\" \/>\n<meta name=\"twitter:label1\" content=\"Tiempo de lectura\" \/>\n\t<meta name=\"twitter:data1\" content=\"3 minutos\" \/>\n<script type=\"application\/ld+json\" class=\"yoast-schema-graph\">{\"@context\":\"https:\/\/schema.org\",\"@graph\":[{\"@type\":\"WebSite\",\"@id\":\"https:\/\/forgeon.es\/#website\",\"url\":\"https:\/\/forgeon.es\/\",\"name\":\"Forgeon\",\"description\":\"\",\"potentialAction\":[{\"@type\":\"SearchAction\",\"target\":{\"@type\":\"EntryPoint\",\"urlTemplate\":\"https:\/\/forgeon.es\/?s={search_term_string}\"},\"query-input\":\"required name=search_term_string\"}],\"inLanguage\":\"es\"},{\"@type\":\"WebPage\",\"@id\":\"https:\/\/forgeon.es\/?page_id=5972#webpage\",\"url\":\"https:\/\/forgeon.es\/?page_id=5972\",\"name\":\"Pol\u00edtica de Cookies - Forgeon\",\"isPartOf\":{\"@id\":\"https:\/\/forgeon.es\/#website\"},\"datePublished\":\"2022-01-17T09:05:26+00:00\",\"dateModified\":\"2022-04-07T14:29:53+00:00\",\"breadcrumb\":{\"@id\":\"https:\/\/forgeon.es\/?page_id=5972#breadcrumb\"},\"inLanguage\":\"es\",\"potentialAction\":[{\"@type\":\"ReadAction\",\"target\":[\"https:\/\/forgeon.es\/?page_id=5972\"]}]},{\"@type\":\"BreadcrumbList\",\"@id\":\"https:\/\/forgeon.es\/?page_id=5972#breadcrumb\",\"itemListElement\":[{\"@type\":\"ListItem\",\"position\":1,\"name\":\"Portada\",\"item\":\"https:\/\/forgeon.es\/\"},{\"@type\":\"ListItem\",\"position\":2,\"name\":\"Pol\u00edtica de Cookies\"}]}]}<\/script>\n<!-- \/ Yoast SEO plugin. -->","yoast_head_json":{"title":"Pol\u00edtica de Cookies - Forgeon","robots":{"index":"index","follow":"follow","max-snippet":"max-snippet:-1","max-image-preview":"max-image-preview:large","max-video-preview":"max-video-preview:-1"},"canonical":"https:\/\/forgeon.es\/?page_id=5972","og_locale":"es_ES","og_type":"article","og_title":"Pol\u00edtica de Cookies - Forgeon","og_description":"\u00bfQu\u00e9 es una cookie? Una cookie es un fichero que se descarga en su ordenador al acceder a determinadas p\u00e1ginas web. Las cookies permiten a una p\u00e1gina web, entre otras cosas, almacenar y recuperar informaci\u00f3n sobre los h\u00e1bitos de navegaci\u00f3n de un usuario o de su equipo y, dependiendo de la informaci\u00f3n que contengan y &hellip; Seguir leyendo \u00abPol\u00edtica de Cookies\u00bb","og_url":"https:\/\/forgeon.es\/?page_id=5972","og_site_name":"Forgeon","article_modified_time":"2022-04-07T14:29:53+00:00","twitter_card":"summary_large_image","twitter_misc":{"Tiempo de lectura":"3 minutos"},"schema":{"@context":"https:\/\/schema.org","@graph":[{"@type":"WebSite","@id":"https:\/\/forgeon.es\/#website","url":"https:\/\/forgeon.es\/","name":"Forgeon","description":"","potentialAction":[{"@type":"SearchAction","target":{"@type":"EntryPoint","urlTemplate":"https:\/\/forgeon.es\/?s={search_term_string}"},"query-input":"required name=search_term_string"}],"inLanguage":"es"},{"@type":"WebPage","@id":"https:\/\/forgeon.es\/?page_id=5972#webpage","url":"https:\/\/forgeon.es\/?page_id=5972","name":"Pol\u00edtica de Cookies - Forgeon","isPartOf":{"@id":"https:\/\/forgeon.es\/#website"},"datePublished":"2022-01-17T09:05:26+00:00","dateModified":"2022-04-07T14:29:53+00:00","breadcrumb":{"@id":"https:\/\/forgeon.es\/?page_id=5972#breadcrumb"},"inLanguage":"es","potentialAction":[{"@type":"ReadAction","target":["https:\/\/forgeon.es\/?page_id=5972"]}]},{"@type":"BreadcrumbList","@id":"https:\/\/forgeon.es\/?page_id=5972#breadcrumb","itemListElement":[{"@type":"ListItem","position":1,"name":"Portada","item":"https:\/\/forgeon.es\/"},{"@type":"ListItem","position":2,"name":"Pol\u00edtica de Cookies"}]}]}},"_links":{"self":[{"href":"https:\/\/forgeon.es\/index.php?rest_route=\/wp\/v2\/pages\/5972","targetHints":{"allow":["GET"]}}],"collection":[{"href":"https:\/\/forgeon.es\/index.php?rest_route=\/wp\/v2\/pages"}],"about":[{"href":"https:\/\/forgeon.es\/index.php?rest_route=\/wp\/v2\/types\/page"}],"author":[{"embeddable":true,"href":"https:\/\/forgeon.es\/index.php?rest_route=\/wp\/v2\/users\/1"}],"replies":[{"embeddable":true,"href":"https:\/\/forgeon.es\/index.php?rest_route=%2Fwp%2Fv2%2Fcomments&post=5972"}],"version-history":[{"count":2,"href":"https:\/\/forgeon.es\/index.php?rest_route=\/wp\/v2\/pages\/5972\/revisions"}],"predecessor-version":[{"id":6582,"href":"https:\/\/forgeon.es\/index.php?rest_route=\/wp\/v2\/pages\/5972\/revisions\/6582"}],"wp:attachment":[{"href":"https:\/\/forgeon.es\/index.php?rest_route=%2Fwp%2Fv2%2Fmedia&parent=5972"}],"curies":[{"name":"wp","href":"https:\/\/api.w.org\/{rel}","templated":true}]}}